{"id":77,"date":"2022-04-17T06:56:33","date_gmt":"2022-04-17T06:56:33","guid":{"rendered":"https:\/\/mecagro.md\/?page_id=77"},"modified":"2022-09-11T10:16:13","modified_gmt":"2022-09-11T10:16:13","slug":"alte-masini","status":"publish","type":"page","link":"https:\/\/mecagro.md\/ru\/alte-masini\/","title":{"rendered":"\u0414\u0440\u0443\u0433\u0438\u0435 \u043c\u0430\u0448\u0438\u043d\u044b"},"content":{"rendered":"<div class=\"woocommerce wopgld-product-outer-wrapper-537423146  wopgld-main-product-wrapper wopgld-grid-template-6 wopgld-grid wopgld-desktop-col-2 wopgld-only-one-button\" data-id=\"wopgld_5222934\" >\n         <div class=\"wopgld-inner-main-container\" data-shortcode_id=\"270\">\n        <div class=\"wopgld-layout-grid-section wopgld-clearfix\">\n\n    <div class=\"wopgld-inner-wrap\" data-post_id=\"269\" data-shortcode_id=\"270\">\n    <div class=\"wopgld-inner-wrap-contain\">\n                    <div class=\"wopgld-image-hover-wrap\">\n                <div class=\"wopgld-image-second-container\">\n                    <div class=\"wopgld-image\">\n                    <a href=\"https:\/\/mecagro.md\/ru\/product\/spalatorie-pentru-seminte\/\" target=\"_self\">\n                    <img decoding=\"async\" src=\"https:\/\/mecagro.md\/ru\/wp-content\/uploads\/2022\/04\/spalatorie_pentru_seminte-300x236.jpg\">\n                <\/a>\n                <\/div>\n\n\n                    <div class=\"wopgld-top-container\">\n                                                                    <\/div>\n                <\/div>\n                <div class=\"wopgld-ribbon-wrapper\">\n    <\/div>\n\n            <\/div>\n            <div class=\"wopgld-content-inner-wrap\">\n                <div class=\"wopgld-top-wrap\">\n                    <div class=\"wopgld-title\">\n            <a href=\"https:\/\/mecagro.md\/ru\/product\/spalatorie-pentru-seminte\/\" target=\"_self\">\n            \u041c\u043e\u0439\u043a\u0430 \u0442\u044b\u043a\u0432\u0435\u043d\u043d\u044b\u0445 \u0441\u0435\u043c\u044f\u043d<\/a>\n        <\/div>    <div class=\"wopgld-content\">\n        <p>\u041d\u0430\u0437\u043d\u0430\u0447\u0435\u043d\u0438\u0435<br \/>\n\u0434\u043b\u044f \u043f\u0440\u043e\u043c\u044b\u0432\u043a\u0438 \u0441\u0435\u043c\u044f\u043d \u0442\u044b\u043a\u0432\u044b \u043e\u0442 \u043c\u0435\u0437\u0433\u0438<\/p>\n    <\/div>\n                    <\/div>\n                <div class=\"wopgld-bottom-hover-wrap\">\n                    <div class=\"wopgld-buttons-collection wopgld-clearfix\">\n                        <div class=\"wopgld-buton-one-wrapper wopgld-button\">\n                <a class=\"wopgld-button-design\" href=\"https:\/\/mecagro.md\/ru\/product\/spalatorie-pentru-seminte\/\" target=\"_self\">\n                <span class=\"wopgld-span\"> \u041f\u043e\u0434\u0440\u043e\u0431\u043d\u043e\u0441\u0442\u0438<\/span>\n            <\/a>\n                <\/div>\n                        <\/div>\n                                    <\/div>\n            <\/div>\n                <\/div>\n        <\/div>\n<div class=\"wopgld-inner-wrap\" data-post_id=\"273\" data-shortcode_id=\"270\">\n    <div class=\"wopgld-inner-wrap-contain\">\n                    <div class=\"wopgld-image-hover-wrap\">\n                <div class=\"wopgld-image-second-container\">\n                    <div class=\"wopgld-image\">\n                    <a href=\"https:\/\/mecagro.md\/ru\/product\/uscatorie-pentru-seminte-si-materie-prima-agricola\/\" target=\"_self\">\n                    <img decoding=\"async\" src=\"https:\/\/mecagro.md\/ru\/wp-content\/uploads\/2022\/04\/uscatorie_pentru_seminte-300x189.jpg\">\n                <\/a>\n                <\/div>\n\n\n                    <div class=\"wopgld-top-container\">\n                                                                    <\/div>\n                <\/div>\n                <div class=\"wopgld-ribbon-wrapper\">\n    <\/div>\n\n            <\/div>\n            <div class=\"wopgld-content-inner-wrap\">\n                <div class=\"wopgld-top-wrap\">\n                    <div class=\"wopgld-title\">\n            <a href=\"https:\/\/mecagro.md\/ru\/product\/uscatorie-pentru-seminte-si-materie-prima-agricola\/\" target=\"_self\">\n            \u041e\u0431\u043e\u0440\u0443\u0434\u043e\u0432\u0430\u043d\u0438\u0435 \u0434\u043b\u044f \u0441\u0443\u0448\u043a\u0438 \u0441\u0435\u043c\u044f\u043d \u0438  \u0441\u0435\u043b\u044c\u0441\u043a\u043e\u0445\u043e\u0437\u044f\u0439\u0441\u0442\u0432\u0435\u043d\u043d\u043e\u0433\u043e \u0441\u044b\u0440\u044c\u044f<\/a>\n        <\/div>    <div class=\"wopgld-content\">\n        <p>\u041d\u0430\u0437\u043d\u0430\u0447\u0435\u043d\u0438\u0435<br \/>\n\u0441\u0443\u0448\u043a\u0430 \u0441\u0435\u043c\u044f\u043d \u0438\u043b\u0438 \u0434\u0440\u0443\u0433\u043e\u0439<br \/>\n\u0430\u0433\u0440\u043e\u043f\u0440\u043e\u0434\u043e\u0432\u043e\u043b\u044c\u0441\u0442\u0432\u0435\u043d\u043d\u043e\u0439 \u043f\u0440\u043e\u0434\u0443\u043a\u0446\u0438\u0438<br \/>\n\u0441 \u043f\u043e\u0432\u044b\u0448\u0435\u043d\u043d\u043e\u0439 \u0432\u043b\u0430\u0436\u043d\u043e\u0441\u0442\u044c\u044e<\/p>\n    <\/div>\n                    <\/div>\n                <div class=\"wopgld-bottom-hover-wrap\">\n                    <div class=\"wopgld-buttons-collection wopgld-clearfix\">\n                        <div class=\"wopgld-buton-one-wrapper wopgld-button\">\n                <a class=\"wopgld-button-design\" href=\"https:\/\/mecagro.md\/ru\/product\/uscatorie-pentru-seminte-si-materie-prima-agricola\/\" target=\"_self\">\n                <span class=\"wopgld-span\"> \u041f\u043e\u0434\u0440\u043e\u0431\u043d\u043e\u0441\u0442\u0438<\/span>\n            <\/a>\n                <\/div>\n                        <\/div>\n                                    <\/div>\n            <\/div>\n                <\/div>\n        <\/div>\n<div class=\"wopgld-inner-wrap\" data-post_id=\"275\" data-shortcode_id=\"270\">\n    <div class=\"wopgld-inner-wrap-contain\">\n                    <div class=\"wopgld-image-hover-wrap\">\n                <div class=\"wopgld-image-second-container\">\n                    <div class=\"wopgld-image\">\n                    <a href=\"https:\/\/mecagro.md\/ru\/product\/freza-pentru-lucrarea-solului\/\" target=\"_self\">\n                    <img decoding=\"async\" src=\"https:\/\/mecagro.md\/ru\/wp-content\/uploads\/2022\/04\/freza_pentru_prelucrarea_solului-300x230.jpg\">\n                <\/a>\n                <\/div>\n\n\n                    <div class=\"wopgld-top-container\">\n                                                                    <\/div>\n                <\/div>\n                <div class=\"wopgld-ribbon-wrapper\">\n    <\/div>\n\n            <\/div>\n            <div class=\"wopgld-content-inner-wrap\">\n                <div class=\"wopgld-top-wrap\">\n                    <div class=\"wopgld-title\">\n            <a href=\"https:\/\/mecagro.md\/ru\/product\/freza-pentru-lucrarea-solului\/\" target=\"_self\">\n            \u0424\u0440\u0435\u0437\u0430 \u0434\u043b\u044f \u043e\u0431\u0440\u0430\u0431\u043e\u0442\u043a\u0438  \u043f\u043e\u0447\u0432\u044b \u0432 \u043f\u0438\u0442\u043e\u043c\u043d\u0438\u043a\u0430\u0445<\/a>\n        <\/div>    <div class=\"wopgld-content\">\n        <p>\u041d\u0430\u0437\u043d\u0430\u0447\u0435\u043d\u0438\u0435<br \/>\n\u0414\u043b\u044f \u043e\u0431\u0440\u0430\u0431\u043e\u0442\u043a\u0438 \u043f\u043e\u0447\u0432\u044b \u043d\u0430 \u043c\u0430\u0442\u043e\u0447\u043d\u0438\u043a\u0435<br \/>\n\u043f\u043b\u043e\u0434\u043e\u0432\u044b\u0445 \u043a\u0443\u043b\u044c\u0442\u0443\u0440<\/p>\n    <\/div>\n                    <\/div>\n                <div class=\"wopgld-bottom-hover-wrap\">\n                    <div class=\"wopgld-buttons-collection wopgld-clearfix\">\n                        <div class=\"wopgld-buton-one-wrapper wopgld-button\">\n                <a class=\"wopgld-button-design\" href=\"https:\/\/mecagro.md\/ru\/product\/freza-pentru-lucrarea-solului\/\" target=\"_self\">\n                <span class=\"wopgld-span\"> \u041f\u043e\u0434\u0440\u043e\u0431\u043d\u043e\u0441\u0442\u0438<\/span>\n            <\/a>\n                <\/div>\n                        <\/div>\n                                    <\/div>\n            <\/div>\n                <\/div>\n        <\/div>\n<div class=\"wopgld-inner-wrap\" data-post_id=\"277\" data-shortcode_id=\"270\">\n    <div class=\"wopgld-inner-wrap-contain\">\n                    <div class=\"wopgld-image-hover-wrap\">\n                <div class=\"wopgld-image-second-container\">\n                    <div class=\"wopgld-image\">\n                    <a href=\"https:\/\/mecagro.md\/ru\/product\/incarcator-de-cereale\/\" target=\"_self\">\n                    <img decoding=\"async\" src=\"https:\/\/mecagro.md\/ru\/wp-content\/uploads\/2022\/04\/incarcator_de_cereale-249x300.jpg\">\n                <\/a>\n                <\/div>\n\n\n                    <div class=\"wopgld-top-container\">\n                                                                    <\/div>\n                <\/div>\n                <div class=\"wopgld-ribbon-wrapper\">\n    <\/div>\n\n            <\/div>\n            <div class=\"wopgld-content-inner-wrap\">\n                <div class=\"wopgld-top-wrap\">\n                    <div class=\"wopgld-title\">\n            <a href=\"https:\/\/mecagro.md\/ru\/product\/incarcator-de-cereale\/\" target=\"_self\">\n            \u0417\u0435\u0440\u043d\u043e\u043f\u043e\u0433\u0440\u0443\u0437\u0447\u0438\u043a \u0441\u043e \u0441\u043a\u0440\u0435\u0431\u043a\u043e\u0432\u044b\u043c  \u0442\u0440\u0430\u043d\u0441\u043f\u043e\u0440\u0442\u0451\u0440\u043e\u043c<\/a>\n        <\/div>    <div class=\"wopgld-content\">\n        <p>\u041d\u0430\u0437\u043d\u0430\u0447\u0435\u043d\u0438\u0435<br \/>\n\u0414\u043b\u044f \u043f\u043e\u0433\u0440\u0443\u0437\u043a\u0438 \u0437\u0435\u0440\u043d\u0430, \u0430 \u0442\u0430\u043a\u0436\u0435<br \/>\n\u0434\u0440\u0443\u0433\u0438\u0445 \u0441\u044b\u043f\u0443\u0447\u0438\u0445 \u043c\u0430\u0442\u0435\u0440\u0438\u0430\u043b\u043e\u0432<br \/>\n\u0432 \u0442\u0440\u0430\u043d\u0441\u043f\u043e\u0440\u0442\u043d\u043e\u0435 \u0441\u0440\u0435\u0434\u0441\u0442\u0432\u043e,<br \/>\n\u043f\u0435\u0440\u0435\u043b\u043e\u043f\u0430\u0447\u0438\u0432\u0430\u043d\u0438\u044f \u0438<br \/>\n\u0444\u043e\u0440\u043c\u0438\u0440\u043e\u0432\u0430\u043d\u0438\u044f \u0431\u0443\u0440\u0442\u043e\u0432<\/p>\n    <\/div>\n                    <\/div>\n                <div class=\"wopgld-bottom-hover-wrap\">\n                    <div class=\"wopgld-buttons-collection wopgld-clearfix\">\n                        <div class=\"wopgld-buton-one-wrapper wopgld-button\">\n                <a class=\"wopgld-button-design\" href=\"https:\/\/mecagro.md\/ru\/product\/incarcator-de-cereale\/\" target=\"_self\">\n                <span class=\"wopgld-span\"> \u041f\u043e\u0434\u0440\u043e\u0431\u043d\u043e\u0441\u0442\u0438<\/span>\n            <\/a>\n                <\/div>\n                        <\/div>\n                                    <\/div>\n            <\/div>\n                <\/div>\n        <\/div>\n<div class=\"wopgld-inner-wrap\" data-post_id=\"279\" data-shortcode_id=\"270\">\n    <div class=\"wopgld-inner-wrap-contain\">\n                    <div class=\"wopgld-image-hover-wrap\">\n                <div class=\"wopgld-image-second-container\">\n                    <div class=\"wopgld-image\">\n                    <a href=\"https:\/\/mecagro.md\/ru\/product\/agregat-modular-multifunctional-stmr-18-2000\/\" target=\"_self\">\n                    <img decoding=\"async\" src=\"https:\/\/mecagro.md\/ru\/wp-content\/uploads\/2022\/04\/agregat_modular_multifunctionmal-300x226.jpg\">\n                <\/a>\n                <\/div>\n\n\n                    <div class=\"wopgld-top-container\">\n                                                                    <\/div>\n                <\/div>\n                <div class=\"wopgld-ribbon-wrapper\">\n    <\/div>\n\n            <\/div>\n            <div class=\"wopgld-content-inner-wrap\">\n                <div class=\"wopgld-top-wrap\">\n                    <div class=\"wopgld-title\">\n            <a href=\"https:\/\/mecagro.md\/ru\/product\/agregat-modular-multifunctional-stmr-18-2000\/\" target=\"_self\">\n            Agregat modular  multifunc\u021bional  STMR 18-2000<\/a>\n        <\/div>    <div class=\"wopgld-content\">\n        <p>Destina\u021bie<br \/>\nprotec\u021bia chimic\u0103 a culturilor de c\u00e2mp contra d\u0103un\u0103torilor, bolilor \u0219i buruienilor<\/p>\n    <\/div>\n                    <\/div>\n                <div class=\"wopgld-bottom-hover-wrap\">\n                    <div class=\"wopgld-buttons-collection wopgld-clearfix\">\n                        <div class=\"wopgld-buton-one-wrapper wopgld-button\">\n                <a class=\"wopgld-button-design\" href=\"https:\/\/mecagro.md\/ru\/product\/agregat-modular-multifunctional-stmr-18-2000\/\" target=\"_self\">\n                <span class=\"wopgld-span\"> \u041f\u043e\u0434\u0440\u043e\u0431\u043d\u043e\u0441\u0442\u0438<\/span>\n            <\/a>\n                <\/div>\n                        <\/div>\n                                    <\/div>\n            <\/div>\n                <\/div>\n        <\/div>\n<div class=\"wopgld-inner-wrap\" data-post_id=\"281\" data-shortcode_id=\"270\">\n    <div class=\"wopgld-inner-wrap-contain\">\n                    <div class=\"wopgld-image-hover-wrap\">\n                <div class=\"wopgld-image-second-container\">\n                    <div class=\"wopgld-image\">\n                    <a href=\"https:\/\/mecagro.md\/ru\/product\/agregat-in-varianta-cu-modul-basculanta-mb2\/\" target=\"_self\">\n                    <img decoding=\"async\" src=\"https:\/\/mecagro.md\/ru\/wp-content\/uploads\/2022\/04\/agregat_cu_modul_basculantaMB2-300x167.jpg\">\n                <\/a>\n                <\/div>\n\n\n                    <div class=\"wopgld-top-container\">\n                                                                    <\/div>\n                <\/div>\n                <div class=\"wopgld-ribbon-wrapper\">\n    <\/div>\n\n            <\/div>\n            <div class=\"wopgld-content-inner-wrap\">\n                <div class=\"wopgld-top-wrap\">\n                    <div class=\"wopgld-title\">\n            <a href=\"https:\/\/mecagro.md\/ru\/product\/agregat-in-varianta-cu-modul-basculanta-mb2\/\" target=\"_self\">\n            Agregat \u00een varianta cu  modul-basculant\u0103 MB2<\/a>\n        <\/div>    <div class=\"wopgld-content\">\n        <p>Destina\u021bie<br \/>\ntransportarea diferitor tipuri de m\u0103rfuri agricole \u0219i materiale de construc\u021bie \u00een vrac cu desc\u0103rcare \u00een spate<\/p>\n    <\/div>\n                    <\/div>\n                <div class=\"wopgld-bottom-hover-wrap\">\n                    <div class=\"wopgld-buttons-collection wopgld-clearfix\">\n                        <div class=\"wopgld-buton-one-wrapper wopgld-button\">\n                <a class=\"wopgld-button-design\" href=\"https:\/\/mecagro.md\/ru\/product\/agregat-in-varianta-cu-modul-basculanta-mb2\/\" target=\"_self\">\n                <span class=\"wopgld-span\"> \u041f\u043e\u0434\u0440\u043e\u0431\u043d\u043e\u0441\u0442\u0438<\/span>\n            <\/a>\n                <\/div>\n                        <\/div>\n                                    <\/div>\n            <\/div>\n                <\/div>\n        <\/div>\n<div class=\"wopgld-inner-wrap\" data-post_id=\"283\" data-shortcode_id=\"270\">\n    <div class=\"wopgld-inner-wrap-contain\">\n                    <div class=\"wopgld-image-hover-wrap\">\n                <div class=\"wopgld-image-second-container\">\n                    <div class=\"wopgld-image\">\n                    <a href=\"https:\/\/mecagro.md\/ru\/product\/agregat-modular-echipat-cu-atasament-pentru-transportarea-poamei\/\" target=\"_self\">\n                    <img decoding=\"async\" src=\"https:\/\/mecagro.md\/ru\/wp-content\/uploads\/2022\/04\/agregat_pentru_transportarea_poamei-300x242.jpg\">\n                <\/a>\n                <\/div>\n\n\n                    <div class=\"wopgld-top-container\">\n                                                                    <\/div>\n                <\/div>\n                <div class=\"wopgld-ribbon-wrapper\">\n    <\/div>\n\n            <\/div>\n            <div class=\"wopgld-content-inner-wrap\">\n                <div class=\"wopgld-top-wrap\">\n                    <div class=\"wopgld-title\">\n            <a href=\"https:\/\/mecagro.md\/ru\/product\/agregat-modular-echipat-cu-atasament-pentru-transportarea-poamei\/\" target=\"_self\">\n            Agregat modular echipat cu ata\u0219ament pentru  transportarea poamei<\/a>\n        <\/div>    <div class=\"wopgld-content\">\n        <p>Destina\u021bie<br \/>\ntransportarea poamei \u0219i altor produse agricole<\/p>\n    <\/div>\n                    <\/div>\n                <div class=\"wopgld-bottom-hover-wrap\">\n                    <div class=\"wopgld-buttons-collection wopgld-clearfix\">\n                        <div class=\"wopgld-buton-one-wrapper wopgld-button\">\n                <a class=\"wopgld-button-design\" href=\"https:\/\/mecagro.md\/ru\/product\/agregat-modular-echipat-cu-atasament-pentru-transportarea-poamei\/\" target=\"_self\">\n                <span class=\"wopgld-span\"> \u041f\u043e\u0434\u0440\u043e\u0431\u043d\u043e\u0441\u0442\u0438<\/span>\n            <\/a>\n                <\/div>\n                        <\/div>\n                                    <\/div>\n            <\/div>\n                <\/div>\n        <\/div>\n<div class=\"wopgld-inner-wrap\" data-post_id=\"287\" data-shortcode_id=\"270\">\n    <div class=\"wopgld-inner-wrap-contain\">\n                    <div class=\"wopgld-image-hover-wrap\">\n                <div class=\"wopgld-image-second-container\">\n                    <div class=\"wopgld-image\">\n                    <a href=\"https:\/\/mecagro.md\/ru\/product\/agregat-in-varianta-cu-modul-de-transportare-a-apei-mta-2000\/\" target=\"_self\">\n                    <img decoding=\"async\" src=\"https:\/\/mecagro.md\/ru\/wp-content\/uploads\/2022\/04\/agregat_pentru_Transportarea_apei-mta2000-300x208.jpg\">\n                <\/a>\n                <\/div>\n\n\n                    <div class=\"wopgld-top-container\">\n                                                                    <\/div>\n                <\/div>\n                <div class=\"wopgld-ribbon-wrapper\">\n    <\/div>\n\n            <\/div>\n            <div class=\"wopgld-content-inner-wrap\">\n                <div class=\"wopgld-top-wrap\">\n                    <div class=\"wopgld-title\">\n            <a href=\"https:\/\/mecagro.md\/ru\/product\/agregat-in-varianta-cu-modul-de-transportare-a-apei-mta-2000\/\" target=\"_self\">\n            Agregat \u00een variant\u0103 cu modul de  transportare a apei MTA 2000<\/a>\n        <\/div>    <div class=\"wopgld-content\">\n        <p>Destina\u021bie<br \/>\npentru alimentare cu ap\u0103 din bazine \u0219i recipiente, transportarea la locul de destina\u021bie \u0219i alimentarea stropitorilor sau altor agregate<\/p>\n    <\/div>\n                    <\/div>\n                <div class=\"wopgld-bottom-hover-wrap\">\n                    <div class=\"wopgld-buttons-collection wopgld-clearfix\">\n                        <div class=\"wopgld-buton-one-wrapper wopgld-button\">\n                <a class=\"wopgld-button-design\" href=\"https:\/\/mecagro.md\/ru\/product\/agregat-in-varianta-cu-modul-de-transportare-a-apei-mta-2000\/\" target=\"_self\">\n                <span class=\"wopgld-span\"> \u041f\u043e\u0434\u0440\u043e\u0431\u043d\u043e\u0441\u0442\u0438<\/span>\n            <\/a>\n                <\/div>\n                        <\/div>\n                                    <\/div>\n            <\/div>\n                <\/div>\n        <\/div>\n<\/div>\n\n    <\/div>\n<\/div>\n\n\n\n\n","protected":false},"excerpt":{"rendered":"","protected":false},"author":1,"featured_media":0,"parent":0,"menu_order":0,"comment_status":"closed","ping_status":"closed","template":"","meta":{"footnotes":""},"class_list":["post-77","page","type-page","status-publish","hentry"],"yoast_head":"<!-- This site is optimized with the Yoast SEO plugin v19.1 - https:\/\/yoast.com\/wordpress\/plugins\/seo\/ -->\n<title>\u0414\u0440\u0443\u0433\u0438\u0435 \u043c\u0430\u0448\u0438\u043d\u044b - \u0413\u041f \u0418\u0421\u0425\u0422 \u201d\u041c\u0415\u041a\u0410\u0413\u0420\u041e\u201d<\/title>\n<meta name=\"robots\" content=\"index, follow, max-snippet:-1, max-image-preview:large, max-video-preview:-1\" \/>\n<link rel=\"canonical\" href=\"https:\/\/mecagro.md\/ru\/alte-masini\/\" \/>\n<meta property=\"og:locale\" content=\"en_US\" \/>\n<meta property=\"og:type\" content=\"article\" \/>\n<meta property=\"og:title\" content=\"\u0414\u0440\u0443\u0433\u0438\u0435 \u043c\u0430\u0448\u0438\u043d\u044b - \u0413\u041f \u0418\u0421\u0425\u0422 \u201d\u041c\u0415\u041a\u0410\u0413\u0420\u041e\u201d\" \/>\n<meta property=\"og:url\" content=\"https:\/\/mecagro.md\/ru\/alte-masini\/\" \/>\n<meta property=\"og:site_name\" content=\"\u0413\u041f \u0418\u0421\u0425\u0422 \u201d\u041c\u0415\u041a\u0410\u0413\u0420\u041e\u201d\" \/>\n<meta property=\"article:modified_time\" content=\"2022-09-11T10:16:13+00:00\" \/>\n<meta name=\"twitter:card\" content=\"summary_large_image\" \/>\n<meta name=\"twitter:label1\" content=\"Est. reading time\" \/>\n\t<meta name=\"twitter:data1\" content=\"1 minute\" \/>\n<script type=\"application\/ld+json\" class=\"yoast-schema-graph\">{\"@context\":\"https:\/\/schema.org\",\"@graph\":[{\"@type\":\"WebSite\",\"@id\":\"https:\/\/mecagro.md\/ru\/#website\",\"url\":\"https:\/\/mecagro.md\/ru\/\",\"name\":\"\u0413\u041f \u0418\u0421\u0425\u0422 \u201d\u041c\u0415\u041a\u0410\u0413\u0420\u041e\u201d\",\"description\":\"\",\"potentialAction\":[{\"@type\":\"SearchAction\",\"target\":{\"@type\":\"EntryPoint\",\"urlTemplate\":\"https:\/\/mecagro.md\/ru\/?s={search_term_string}\"},\"query-input\":\"required name=search_term_string\"}],\"inLanguage\":\"en-US\"},{\"@type\":\"WebPage\",\"@id\":\"https:\/\/mecagro.md\/ru\/alte-masini\/#webpage\",\"url\":\"https:\/\/mecagro.md\/ru\/alte-masini\/\",\"name\":\"\u0414\u0440\u0443\u0433\u0438\u0435 \u043c\u0430\u0448\u0438\u043d\u044b - \u0413\u041f \u0418\u0421\u0425\u0422 \u201d\u041c\u0415\u041a\u0410\u0413\u0420\u041e\u201d\",\"isPartOf\":{\"@id\":\"https:\/\/mecagro.md\/ru\/#website\"},\"datePublished\":\"2022-04-17T06:56:33+00:00\",\"dateModified\":\"2022-09-11T10:16:13+00:00\",\"breadcrumb\":{\"@id\":\"https:\/\/mecagro.md\/ru\/alte-masini\/#breadcrumb\"},\"inLanguage\":\"en-US\",\"potentialAction\":[{\"@type\":\"ReadAction\",\"target\":[\"https:\/\/mecagro.md\/ru\/alte-masini\/\"]}]},{\"@type\":\"BreadcrumbList\",\"@id\":\"https:\/\/mecagro.md\/ru\/alte-masini\/#breadcrumb\",\"itemListElement\":[{\"@type\":\"ListItem\",\"position\":1,\"name\":\"Home\",\"item\":\"https:\/\/mecagro.md\/ru\/\"},{\"@type\":\"ListItem\",\"position\":2,\"name\":\"\u0414\u0440\u0443\u0433\u0438\u0435 \u043c\u0430\u0448\u0438\u043d\u044b\"}]}]}<\/script>\n<!-- \/ Yoast SEO plugin. -->","yoast_head_json":{"title":"\u0414\u0440\u0443\u0433\u0438\u0435 \u043c\u0430\u0448\u0438\u043d\u044b - \u0413\u041f \u0418\u0421\u0425\u0422 \u201d\u041c\u0415\u041a\u0410\u0413\u0420\u041e\u201d","robots":{"index":"index","follow":"follow","max-snippet":"max-snippet:-1","max-image-preview":"max-image-preview:large","max-video-preview":"max-video-preview:-1"},"canonical":"https:\/\/mecagro.md\/ru\/alte-masini\/","og_locale":"en_US","og_type":"article","og_title":"\u0414\u0440\u0443\u0433\u0438\u0435 \u043c\u0430\u0448\u0438\u043d\u044b - \u0413\u041f \u0418\u0421\u0425\u0422 \u201d\u041c\u0415\u041a\u0410\u0413\u0420\u041e\u201d","og_url":"https:\/\/mecagro.md\/ru\/alte-masini\/","og_site_name":"\u0413\u041f \u0418\u0421\u0425\u0422 \u201d\u041c\u0415\u041a\u0410\u0413\u0420\u041e\u201d","article_modified_time":"2022-09-11T10:16:13+00:00","twitter_card":"summary_large_image","twitter_misc":{"Est. reading time":"1 minute"},"schema":{"@context":"https:\/\/schema.org","@graph":[{"@type":"WebSite","@id":"https:\/\/mecagro.md\/ru\/#website","url":"https:\/\/mecagro.md\/ru\/","name":"\u0413\u041f \u0418\u0421\u0425\u0422 \u201d\u041c\u0415\u041a\u0410\u0413\u0420\u041e\u201d","description":"","potentialAction":[{"@type":"SearchAction","target":{"@type":"EntryPoint","urlTemplate":"https:\/\/mecagro.md\/ru\/?s={search_term_string}"},"query-input":"required name=search_term_string"}],"inLanguage":"en-US"},{"@type":"WebPage","@id":"https:\/\/mecagro.md\/ru\/alte-masini\/#webpage","url":"https:\/\/mecagro.md\/ru\/alte-masini\/","name":"\u0414\u0440\u0443\u0433\u0438\u0435 \u043c\u0430\u0448\u0438\u043d\u044b - \u0413\u041f \u0418\u0421\u0425\u0422 \u201d\u041c\u0415\u041a\u0410\u0413\u0420\u041e\u201d","isPartOf":{"@id":"https:\/\/mecagro.md\/ru\/#website"},"datePublished":"2022-04-17T06:56:33+00:00","dateModified":"2022-09-11T10:16:13+00:00","breadcrumb":{"@id":"https:\/\/mecagro.md\/ru\/alte-masini\/#breadcrumb"},"inLanguage":"en-US","potentialAction":[{"@type":"ReadAction","target":["https:\/\/mecagro.md\/ru\/alte-masini\/"]}]},{"@type":"BreadcrumbList","@id":"https:\/\/mecagro.md\/ru\/alte-masini\/#breadcrumb","itemListElement":[{"@type":"ListItem","position":1,"name":"Home","item":"https:\/\/mecagro.md\/ru\/"},{"@type":"ListItem","position":2,"name":"\u0414\u0440\u0443\u0433\u0438\u0435 \u043c\u0430\u0448\u0438\u043d\u044b"}]}]}},"_links":{"self":[{"href":"https:\/\/mecagro.md\/ru\/wp-json\/wp\/v2\/pages\/77","targetHints":{"allow":["GET"]}}],"collection":[{"href":"https:\/\/mecagro.md\/ru\/wp-json\/wp\/v2\/pages"}],"about":[{"href":"https:\/\/mecagro.md\/ru\/wp-json\/wp\/v2\/types\/page"}],"author":[{"embeddable":true,"href":"https:\/\/mecagro.md\/ru\/wp-json\/wp\/v2\/users\/1"}],"replies":[{"embeddable":true,"href":"https:\/\/mecagro.md\/ru\/wp-json\/wp\/v2\/comments?post=77"}],"version-history":[{"count":4,"href":"https:\/\/mecagro.md\/ru\/wp-json\/wp\/v2\/pages\/77\/revisions"}],"predecessor-version":[{"id":3073,"href":"https:\/\/mecagro.md\/ru\/wp-json\/wp\/v2\/pages\/77\/revisions\/3073"}],"wp:attachment":[{"href":"https:\/\/mecagro.md\/ru\/wp-json\/wp\/v2\/media?parent=77"}],"curies":[{"name":"wp","href":"https:\/\/api.w.org\/{rel}","templated":true}]}}