{"id":281,"date":"2022-04-28T18:06:36","date_gmt":"2022-04-28T18:06:36","guid":{"rendered":"https:\/\/mecagro.md\/?post_type=product&#038;p=281"},"modified":"2022-04-28T18:06:36","modified_gmt":"2022-04-28T18:06:36","slug":"agregat-in-varianta-cu-modul-basculanta-mb2","status":"publish","type":"product","link":"https:\/\/mecagro.md\/ru\/product\/agregat-in-varianta-cu-modul-basculanta-mb2\/","title":{"rendered":"Agregat \u00een varianta cu  modul-basculant\u0103 MB2"},"content":{"rendered":"<table style=\"width: 100%; border-collapse: collapse; border-color: #050404; height: 162px;\" border=\"1px\">\n<tbody>\n<tr style=\"height: 27px;\">\n<td style=\"width: 50.7682%; background-color: #ffe91f; height: 27px; text-align: center;\"><span style=\"font-size: 14pt;\"><strong>Denumirea indicatorului<\/strong><\/span><\/td>\n<td style=\"width: 15.698%; background-color: #ffe91f; height: 27px; text-align: center;\"><span style=\"font-size: 14pt;\"><strong>Un. m\u0103s.<\/strong><\/span><\/td>\n<td style=\"width: 33.5337%; background-color: #ffe91f; height: 27px; text-align: center;\"><span style=\"font-size: 14pt;\"><strong>Valoarea<\/strong><\/span><\/td>\n<\/tr>\n<tr style=\"height: 24px;\">\n<td style=\"width: 50.7682%; height: 24px;\">Capacitate maxim\u0103<\/td>\n<td style=\"height: 24px; text-align: center; width: 15.698%;\">kg<\/td>\n<td style=\"text-align: center; width: 33.5337%; height: 24px;\">2000<\/td>\n<\/tr>\n<tr style=\"height: 29px;\">\n<td style=\"width: 50.7682%; height: 29px;\">Volumul geometric al benei<\/td>\n<td style=\"width: 15.698%; text-align: center; height: 29px;\">m<sup>3<\/sup><\/td>\n<td style=\"width: 33.5337%; text-align: center; height: 29px;\">1,9<\/td>\n<\/tr>\n<tr style=\"height: 24px;\">\n<td style=\"width: 50.7682%; height: 24px;\">Masa total\u0103<\/td>\n<td style=\"width: 15.698%; height: 24px; text-align: center;\">kg<\/td>\n<td style=\"width: 33.5337%; height: 24px; text-align: center;\">3000<\/td>\n<\/tr>\n<tr style=\"height: 24px;\">\n<td style=\"width: 50.7682%; height: 24px;\">Unghiul de ridicare a benei<\/td>\n<td style=\"width: 15.698%; text-align: center; height: 24px;\">grade<\/td>\n<td style=\"width: 33.5337%; text-align: center; height: 24px;\">45<\/td>\n<\/tr>\n<tr style=\"height: 24px;\">\n<td style=\"width: 50.7682%; height: 24px;\">Masa (cu modulul-\u0219asiu)<\/td>\n<td style=\"width: 15.698%; text-align: center; height: 24px;\">kg<\/td>\n<td style=\"width: 33.5337%; text-align: center; height: 24px;\">1000<\/td>\n<\/tr>\n<tr style=\"height: 24px;\">\n<td style=\"width: 99.9999%; height: 10px;\" colspan=\"3\"><strong>Avantaje:<\/strong><br \/>\n<em>Posibilitatea \u00een locuirii remorcilor de uz general;<\/em><br \/>\n<em>Eficacitate economic\u0103 \u00een cazul lucr\u0103rilor cu caracter ocazional;<\/em><br \/>\n<em>Montare-demontare operativ\u0103.<\/em><\/td>\n<\/tr>\n<\/tbody>\n<\/table>\n","protected":false},"excerpt":{"rendered":"<p>Destina\u021bie<br \/>\ntransportarea diferitor tipuri de m\u0103rfuri agricole \u0219i materiale de construc\u021bie \u00een vrac cu desc\u0103rcare \u00een spate<\/p>\n","protected":false},"featured_media":282,"template":"","meta":[],"product_cat":[28],"product_tag":[],"class_list":["post-281","product","type-product","status-publish","has-post-thumbnail","hentry","product_cat-alte-masini-woo"],"yoast_head":"<!-- This site is optimized with the Yoast SEO plugin v19.1 - https:\/\/yoast.com\/wordpress\/plugins\/seo\/ -->\n<title>Agregat \u00een varianta cu modul-basculant\u0103 MB2 - \u0413\u041f \u0418\u0421\u0425\u0422 \u201d\u041c\u0415\u041a\u0410\u0413\u0420\u041e\u201d<\/title>\n<meta name=\"robots\" content=\"index, follow, max-snippet:-1, max-image-preview:large, max-video-preview:-1\" \/>\n<link rel=\"canonical\" href=\"https:\/\/mecagro.md\/ru\/product\/agregat-in-varianta-cu-modul-basculanta-mb2\/\" \/>\n<meta property=\"og:locale\" content=\"en_US\" \/>\n<meta property=\"og:type\" content=\"article\" \/>\n<meta property=\"og:title\" content=\"Agregat \u00een varianta cu modul-basculant\u0103 MB2 - \u0413\u041f \u0418\u0421\u0425\u0422 \u201d\u041c\u0415\u041a\u0410\u0413\u0420\u041e\u201d\" \/>\n<meta property=\"og:description\" content=\"Destina\u021bie transportarea diferitor tipuri de m\u0103rfuri agricole \u0219i materiale de construc\u021bie \u00een vrac cu desc\u0103rcare \u00een spate\" \/>\n<meta property=\"og:url\" content=\"https:\/\/mecagro.md\/ru\/product\/agregat-in-varianta-cu-modul-basculanta-mb2\/\" \/>\n<meta property=\"og:site_name\" content=\"\u0413\u041f \u0418\u0421\u0425\u0422 \u201d\u041c\u0415\u041a\u0410\u0413\u0420\u041e\u201d\" \/>\n<meta property=\"og:image\" content=\"https:\/\/mecagro.md\/ru\/wp-content\/uploads\/2022\/04\/agregat_cu_modul_basculantaMB2.jpg\" \/>\n\t<meta property=\"og:image:width\" content=\"549\" \/>\n\t<meta property=\"og:image:height\" content=\"305\" \/>\n\t<meta property=\"og:image:type\" content=\"image\/jpeg\" \/>\n<meta name=\"twitter:card\" content=\"summary_large_image\" \/>\n<meta name=\"twitter:label1\" content=\"Est. reading time\" \/>\n\t<meta name=\"twitter:data1\" content=\"1 minute\" \/>\n<script type=\"application\/ld+json\" class=\"yoast-schema-graph\">{\"@context\":\"https:\/\/schema.org\",\"@graph\":[{\"@type\":\"WebSite\",\"@id\":\"https:\/\/mecagro.md\/ru\/#website\",\"url\":\"https:\/\/mecagro.md\/ru\/\",\"name\":\"\u0413\u041f \u0418\u0421\u0425\u0422 \u201d\u041c\u0415\u041a\u0410\u0413\u0420\u041e\u201d\",\"description\":\"\",\"potentialAction\":[{\"@type\":\"SearchAction\",\"target\":{\"@type\":\"EntryPoint\",\"urlTemplate\":\"https:\/\/mecagro.md\/ru\/?s={search_term_string}\"},\"query-input\":\"required name=search_term_string\"}],\"inLanguage\":\"en-US\"},{\"@type\":\"ImageObject\",\"inLanguage\":\"en-US\",\"@id\":\"https:\/\/mecagro.md\/ru\/product\/agregat-in-varianta-cu-modul-basculanta-mb2\/#primaryimage\",\"url\":\"https:\/\/mecagro.md\/ru\/wp-content\/uploads\/2022\/04\/agregat_cu_modul_basculantaMB2.jpg\",\"contentUrl\":\"https:\/\/mecagro.md\/ru\/wp-content\/uploads\/2022\/04\/agregat_cu_modul_basculantaMB2.jpg\",\"width\":549,\"height\":305},{\"@type\":\"WebPage\",\"@id\":\"https:\/\/mecagro.md\/ru\/product\/agregat-in-varianta-cu-modul-basculanta-mb2\/#webpage\",\"url\":\"https:\/\/mecagro.md\/ru\/product\/agregat-in-varianta-cu-modul-basculanta-mb2\/\",\"name\":\"Agregat \u00een varianta cu modul-basculant\u0103 MB2 - \u0413\u041f \u0418\u0421\u0425\u0422 \u201d\u041c\u0415\u041a\u0410\u0413\u0420\u041e\u201d\",\"isPartOf\":{\"@id\":\"https:\/\/mecagro.md\/ru\/#website\"},\"primaryImageOfPage\":{\"@id\":\"https:\/\/mecagro.md\/ru\/product\/agregat-in-varianta-cu-modul-basculanta-mb2\/#primaryimage\"},\"datePublished\":\"2022-04-28T18:06:36+00:00\",\"dateModified\":\"2022-04-28T18:06:36+00:00\",\"breadcrumb\":{\"@id\":\"https:\/\/mecagro.md\/ru\/product\/agregat-in-varianta-cu-modul-basculanta-mb2\/#breadcrumb\"},\"inLanguage\":\"en-US\",\"potentialAction\":[{\"@type\":\"ReadAction\",\"target\":[\"https:\/\/mecagro.md\/ru\/product\/agregat-in-varianta-cu-modul-basculanta-mb2\/\"]}]},{\"@type\":\"BreadcrumbList\",\"@id\":\"https:\/\/mecagro.md\/ru\/product\/agregat-in-varianta-cu-modul-basculanta-mb2\/#breadcrumb\",\"itemListElement\":[{\"@type\":\"ListItem\",\"position\":1,\"name\":\"Home\",\"item\":\"https:\/\/mecagro.md\/ru\/\"},{\"@type\":\"ListItem\",\"position\":2,\"name\":\"\"},{\"@type\":\"ListItem\",\"position\":3,\"name\":\"Agregat \u00een varianta cu modul-basculant\u0103 MB2\"}]}]}<\/script>\n<!-- \/ Yoast SEO plugin. -->","yoast_head_json":{"title":"Agregat \u00een varianta cu modul-basculant\u0103 MB2 - \u0413\u041f \u0418\u0421\u0425\u0422 \u201d\u041c\u0415\u041a\u0410\u0413\u0420\u041e\u201d","robots":{"index":"index","follow":"follow","max-snippet":"max-snippet:-1","max-image-preview":"max-image-preview:large","max-video-preview":"max-video-preview:-1"},"canonical":"https:\/\/mecagro.md\/ru\/product\/agregat-in-varianta-cu-modul-basculanta-mb2\/","og_locale":"en_US","og_type":"article","og_title":"Agregat \u00een varianta cu modul-basculant\u0103 MB2 - \u0413\u041f \u0418\u0421\u0425\u0422 \u201d\u041c\u0415\u041a\u0410\u0413\u0420\u041e\u201d","og_description":"Destina\u021bie transportarea diferitor tipuri de m\u0103rfuri agricole \u0219i materiale de construc\u021bie \u00een vrac cu desc\u0103rcare \u00een spate","og_url":"https:\/\/mecagro.md\/ru\/product\/agregat-in-varianta-cu-modul-basculanta-mb2\/","og_site_name":"\u0413\u041f \u0418\u0421\u0425\u0422 \u201d\u041c\u0415\u041a\u0410\u0413\u0420\u041e\u201d","og_image":[{"width":549,"height":305,"url":"https:\/\/mecagro.md\/ru\/wp-content\/uploads\/2022\/04\/agregat_cu_modul_basculantaMB2.jpg","type":"image\/jpeg"}],"twitter_card":"summary_large_image","twitter_misc":{"Est. reading time":"1 minute"},"schema":{"@context":"https:\/\/schema.org","@graph":[{"@type":"WebSite","@id":"https:\/\/mecagro.md\/ru\/#website","url":"https:\/\/mecagro.md\/ru\/","name":"\u0413\u041f \u0418\u0421\u0425\u0422 \u201d\u041c\u0415\u041a\u0410\u0413\u0420\u041e\u201d","description":"","potentialAction":[{"@type":"SearchAction","target":{"@type":"EntryPoint","urlTemplate":"https:\/\/mecagro.md\/ru\/?s={search_term_string}"},"query-input":"required name=search_term_string"}],"inLanguage":"en-US"},{"@type":"ImageObject","inLanguage":"en-US","@id":"https:\/\/mecagro.md\/ru\/product\/agregat-in-varianta-cu-modul-basculanta-mb2\/#primaryimage","url":"https:\/\/mecagro.md\/ru\/wp-content\/uploads\/2022\/04\/agregat_cu_modul_basculantaMB2.jpg","contentUrl":"https:\/\/mecagro.md\/ru\/wp-content\/uploads\/2022\/04\/agregat_cu_modul_basculantaMB2.jpg","width":549,"height":305},{"@type":"WebPage","@id":"https:\/\/mecagro.md\/ru\/product\/agregat-in-varianta-cu-modul-basculanta-mb2\/#webpage","url":"https:\/\/mecagro.md\/ru\/product\/agregat-in-varianta-cu-modul-basculanta-mb2\/","name":"Agregat \u00een varianta cu modul-basculant\u0103 MB2 - \u0413\u041f \u0418\u0421\u0425\u0422 \u201d\u041c\u0415\u041a\u0410\u0413\u0420\u041e\u201d","isPartOf":{"@id":"https:\/\/mecagro.md\/ru\/#website"},"primaryImageOfPage":{"@id":"https:\/\/mecagro.md\/ru\/product\/agregat-in-varianta-cu-modul-basculanta-mb2\/#primaryimage"},"datePublished":"2022-04-28T18:06:36+00:00","dateModified":"2022-04-28T18:06:36+00:00","breadcrumb":{"@id":"https:\/\/mecagro.md\/ru\/product\/agregat-in-varianta-cu-modul-basculanta-mb2\/#breadcrumb"},"inLanguage":"en-US","potentialAction":[{"@type":"ReadAction","target":["https:\/\/mecagro.md\/ru\/product\/agregat-in-varianta-cu-modul-basculanta-mb2\/"]}]},{"@type":"BreadcrumbList","@id":"https:\/\/mecagro.md\/ru\/product\/agregat-in-varianta-cu-modul-basculanta-mb2\/#breadcrumb","itemListElement":[{"@type":"ListItem","position":1,"name":"Home","item":"https:\/\/mecagro.md\/ru\/"},{"@type":"ListItem","position":2,"name":""},{"@type":"ListItem","position":3,"name":"Agregat \u00een varianta cu modul-basculant\u0103 MB2"}]}]}},"_links":{"self":[{"href":"https:\/\/mecagro.md\/ru\/wp-json\/wp\/v2\/product\/281","targetHints":{"allow":["GET"]}}],"collection":[{"href":"https:\/\/mecagro.md\/ru\/wp-json\/wp\/v2\/product"}],"about":[{"href":"https:\/\/mecagro.md\/ru\/wp-json\/wp\/v2\/types\/product"}],"wp:featuredmedia":[{"embeddable":true,"href":"https:\/\/mecagro.md\/ru\/wp-json\/wp\/v2\/media\/282"}],"wp:attachment":[{"href":"https:\/\/mecagro.md\/ru\/wp-json\/wp\/v2\/media?parent=281"}],"wp:term":[{"taxonomy":"product_cat","embeddable":true,"href":"https:\/\/mecagro.md\/ru\/wp-json\/wp\/v2\/product_cat?post=281"},{"taxonomy":"product_tag","embeddable":true,"href":"https:\/\/mecagro.md\/ru\/wp-json\/wp\/v2\/product_tag?post=281"}],"curies":[{"name":"wp","href":"https:\/\/api.w.org\/{rel}","templated":true}]}}